{"id":2868,"date":"2025-01-22T17:54:52","date_gmt":"2025-01-22T17:54:52","guid":{"rendered":"https:\/\/desdunsullsdedona.cat\/?page_id=2868"},"modified":"2026-04-11T16:18:32","modified_gmt":"2026-04-11T16:18:32","slug":"exposicions","status":"publish","type":"page","link":"https:\/\/desdunsullsdedona.cat\/index.php\/exposicions\/","title":{"rendered":"Exposicions i m\u00e9s"},"content":{"rendered":"\t\t<div data-elementor-type=\"wp-page\" data-elementor-id=\"2868\" class=\"elementor elementor-2868\" data-elementor-post-type=\"page\">\n\t\t\t\t\t\t<section class=\"elementor-section elementor-top-section elementor-element elementor-element-63e7cd32 elementor-section-boxed elementor-section-height-default elementor-section-height-default\" data-id=\"63e7cd32\" data-element_type=\"section\" data-e-type=\"section\">\n\t\t\t\t\t\t<div class=\"elementor-container elementor-column-gap-default\">\n\t\t\t\t\t<div class=\"elementor-column elementor-col-100 elementor-top-column elementor-element elementor-element-276e75e8\" data-id=\"276e75e8\" data-element_type=\"column\" data-e-type=\"column\">\n\t\t\t<div class=\"elementor-widget-wrap elementor-element-populated\">\n\t\t\t\t\t\t<div class=\"elementor-element elementor-element-6145cfb elementor-widget elementor-widget-heading\" data-id=\"6145cfb\" data-element_type=\"widget\" data-e-type=\"widget\" data-widget_type=\"heading.default\">\n\t\t\t\t<div class=\"elementor-widget-container\">\n\t\t\t\t\t<h2 class=\"elementor-heading-title elementor-size-default\">Exposicions  i m\u00e9s<\/h2>\t\t\t\t<\/div>\n\t\t\t\t<\/div>\n\t\t\t\t\t<\/div>\n\t\t<\/div>\n\t\t\t\t\t<\/div>\n\t\t<\/section>\n\t\t\t\t<section class=\"elementor-section elementor-top-section elementor-element elementor-element-12c844f elementor-section-boxed elementor-section-height-default elementor-section-height-default\" data-id=\"12c844f\" data-element_type=\"section\" data-e-type=\"section\">\n\t\t\t\t\t\t<div class=\"elementor-container elementor-column-gap-default\">\n\t\t\t\t\t<div class=\"elementor-column elementor-col-100 elementor-top-column elementor-element elementor-element-1d2f615\" data-id=\"1d2f615\" data-element_type=\"column\" data-e-type=\"column\">\n\t\t\t<div class=\"elementor-widget-wrap\">\n\t\t\t\t\t\t\t<\/div>\n\t\t<\/div>\n\t\t\t\t\t<\/div>\n\t\t<\/section>\n\t\t\t\t<section class=\"elementor-section elementor-top-section elementor-element elementor-element-7ae6a5f elementor-section-boxed elementor-section-height-default elementor-section-height-default\" data-id=\"7ae6a5f\" data-element_type=\"section\" data-e-type=\"section\">\n\t\t\t\t\t\t<div class=\"elementor-container elementor-column-gap-default\">\n\t\t\t\t\t<div class=\"elementor-column elementor-col-100 elementor-top-column elementor-element elementor-element-b29a236\" data-id=\"b29a236\" data-element_type=\"column\" data-e-type=\"column\">\n\t\t\t<div class=\"elementor-widget-wrap elementor-element-populated\">\n\t\t\t\t\t\t<div class=\"elementor-element elementor-element-53c9bfe elementor-widget__width-initial elementor-widget elementor-widget-text-editor\" data-id=\"53c9bfe\" data-element_type=\"widget\" data-e-type=\"widget\" data-widget_type=\"text-editor.default\">\n\t\t\t\t<div class=\"elementor-widget-container\">\n\t\t\t\t\t\t\t\t\t<p data-start=\"363\" data-end=\"445\"><strong data-start=\"363\" data-end=\"371\">2007<\/strong><br data-start=\"371\" data-end=\"374\" \/>\u2003Exposici\u00f3 col\u00b7lectiva <em data-start=\"402\" data-end=\"411\">Mirades<\/em> \u00b7 Centre C\u00edvic Can Fatj\u00f3 (Rub\u00ed)<\/p><p data-start=\"447\" data-end=\"536\"><strong data-start=\"447\" data-end=\"455\">2009<\/strong><br data-start=\"455\" data-end=\"458\" \/>\u2003Exposici\u00f3 col\u00b7lectiva <em data-start=\"486\" data-end=\"495\">Mirades<\/em> \u00b7 Casal de Barri Espai 210 (Barcelona)<\/p><p data-start=\"538\" data-end=\"628\"><strong data-start=\"538\" data-end=\"546\">2010<\/strong><br data-start=\"546\" data-end=\"549\" \/>\u2003Exposici\u00f3 individual <em data-start=\"576\" data-end=\"600\">Des d\u2019uns ulls de dona<\/em> \u00b7 UEC d\u2019Horta (Barcelona)<\/p><p data-start=\"630\" data-end=\"733\"><strong data-start=\"630\" data-end=\"638\">2011<\/strong><br data-start=\"638\" data-end=\"641\" \/>\u2003Exposici\u00f3 individual <em data-start=\"668\" data-end=\"692\">Des d\u2019uns ulls de dona<\/em> \u00b7\u00a0 Casal de Barri Espai 210 (Barcelona)<\/p><p data-start=\"735\" data-end=\"825\"><strong data-start=\"735\" data-end=\"743\">2017<\/strong><br data-start=\"743\" data-end=\"746\" \/>\u2003Portada del llibre de poesia <em data-start=\"781\" data-end=\"803\">El azul y los deseos<\/em> \u00b7 Editorial Camelot<\/p><p data-start=\"827\" data-end=\"920\"><strong data-start=\"827\" data-end=\"835\">2020<\/strong><br data-start=\"835\" data-end=\"838\" \/>\u2003Exposici\u00f3 col\u00b7lectiva (virtual) <em data-start=\"875\" data-end=\"891\">La cara oculta<\/em> \u00b7 Pati Llimona (Barcelona)<\/p><p data-start=\"922\" data-end=\"1074\"><strong data-start=\"922\" data-end=\"930\">2023<\/strong><br data-start=\"930\" data-end=\"933\" \/>\u2003Exposici\u00f3 individual <em data-start=\"960\" data-end=\"976\">Silenci l\u00edquid<\/em> \u00b7 Seleccionada pel Centre Nacional de Fotografia de Torrelavega i exhibida al\u00a0 \u00a0 \u00a0 \u00a0 \u00a0PhotoArt Festival<\/p><p data-start=\"1076\" data-end=\"1710\"><strong data-start=\"1076\" data-end=\"1084\">2025<\/strong><br data-start=\"1084\" data-end=\"1087\" \/>\u00a0 \u00a0Exposici\u00f3 col\u00b7lectiva <em data-start=\"1117\" data-end=\"1142\">Collective Contemporary<\/em> \u00b7\u00a0 Abartium, estudi &amp; galeria d\u2019art contemporani (Calldetenes \u00b7\u00a0 \u00a0 \u00a0 \u00a0 \u00a0 \u00a0 \u00a0 \u00a0Barcelona)<\/p><p data-start=\"1076\" data-end=\"1710\"><br data-start=\"1216\" data-end=\"1219\" \/>\u00a0 \u00a0Nominaci\u00f3 Belles Arts Amateur \u00b7 Fine Art Photography Awards<\/p><p data-start=\"1076\" data-end=\"1710\"><br data-start=\"1286\" data-end=\"1289\" \/>\u00a0 \u00a0Exposici\u00f3 col\u00b7lectiva <em data-start=\"1319\" data-end=\"1344\">Artistas contempor\u00e1neos<\/em> \u00b7 Galeria de Arte Patricia Cancelo (Barcelona)<\/p><p data-start=\"1076\" data-end=\"1710\"><br data-start=\"1391\" data-end=\"1394\" \/>\u00a0 \u00a0Exposici\u00f3 col\u00b7lectiva <em data-start=\"1432\" data-end=\"1452\">Lenguajes cruzados<\/em> \u00b7 Estudio y Galer\u00eda de arte Mariam Cremades (Alicante)\u00a0 \u00a0 \u00a0<\/p><p data-start=\"1076\" data-end=\"1710\"><br data-start=\"1507\" data-end=\"1510\" \/>\u00a0 \u00a0Exposici\u00f3 col\u00b7lectiva <em>La \u00faltima entrega\u00b7 Galer\u00eda <\/em>\u00a0de Arte Origen (Madrid)<\/p><p data-start=\"1076\" data-end=\"1710\">\u00a0<\/p><p data-start=\"1076\" data-end=\"1710\">\u00a0 \u00a0Exposici\u00f3 col\u00b7lectiva <em data-start=\"1646\" data-end=\"1678\">Artistes contemporains \u00e0 Paris<\/em> \u00b7 Galerie Imagi&#8217;n Air (Paris)<\/p><p data-start=\"1076\" data-end=\"1710\">\u00a0<\/p><p data-start=\"1076\" data-end=\"1710\">\u00a0 \u00a0Exposici\u00f3 col\u00b7lectiva <em data-start=\"1646\" data-end=\"1678\">Contemporary Art in\u00a0 Vienna\u00a0 <\/em>\u00b7 Gallery Twenty-six (Viena)<\/p><p data-start=\"1076\" data-end=\"1710\"><strong>2026<\/strong><\/p><p data-start=\"1076\" data-end=\"1710\"><span data-start=\"404\" data-end=\"457\">\u00a0 \u00a0<\/span><em data-start=\"404\" data-end=\"457\">Xerrada sobre proc\u00e9s creatiu i fotografia art\u00edstica<\/em>, Associaci\u00f3 Fotogr\u00e0fica AFOSANTS.<\/p><p data-start=\"1076\" data-end=\"1710\">\u00a0<\/p><p data-start=\"1076\" data-end=\"1710\">\u00a0 \u00a0Exposici\u00f3 col\u00b7lectiva\u00a0 <em>46a Mostra Internacional d&#8217;Art Contemporani \u00b7<\/em> Museu Etnog\u00e0fic de Ripoll\u00a0<\/p><p data-start=\"1076\" data-end=\"1710\">\u00a0<\/p><p data-start=\"1076\" data-end=\"1710\">\u00a0 \u00a0Participaci\u00f3 en la 15a Mostra de Portfolis\u00a0 Fotogr\u00e0fics a Barcelona\u00a0 <em>Narratives visuals: la veu de la fot\u00f2grafa.\u00a0 \u00a0 \u00a0 \u00a0<\/em><\/p><p data-start=\"1076\" data-end=\"1710\">\u00a0 \u00a0Fotoartebarcelona i Centre C\u00edvic Barceloneta\u00a0<\/p><p data-start=\"1076\" data-end=\"1710\">\u00a0<\/p><p style=\"text-align: left;\" data-start=\"1076\" data-end=\"1710\">\u00a0 \u00a0Exposici\u00f3 individual\u00a0<em>Escoltar el silenci<strong> \u00b7 <\/strong><\/em>Museu de Llavaneres<\/p>\t\t\t\t\t\t\t\t<\/div>\n\t\t\t\t<\/div>\n\t\t\t\t<div class=\"elementor-element elementor-element-ac0275c elementor-widget elementor-widget-spacer\" data-id=\"ac0275c\" data-element_type=\"widget\" data-e-type=\"widget\" data-widget_type=\"spacer.default\">\n\t\t\t\t<div class=\"elementor-widget-container\">\n\t\t\t\t\t\t\t<div class=\"elementor-spacer\">\n\t\t\t<div class=\"elementor-spacer-inner\"><\/div>\n\t\t<\/div>\n\t\t\t\t\t\t<\/div>\n\t\t\t\t<\/div>\n\t\t\t\t\t<\/div>\n\t\t<\/div>\n\t\t\t\t\t<\/div>\n\t\t<\/section>\n\t\t\t\t<section class=\"elementor-section elementor-top-section elementor-element elementor-element-72e92ec elementor-section-boxed elementor-section-height-default elementor-section-height-default\" data-id=\"72e92ec\" data-element_type=\"section\" data-e-type=\"section\">\n\t\t\t\t\t\t<div class=\"elementor-container elementor-column-gap-default\">\n\t\t\t\t\t<div class=\"elementor-column elementor-col-100 elementor-top-column elementor-element elementor-element-2dceb3a\" data-id=\"2dceb3a\" data-element_type=\"column\" data-e-type=\"column\">\n\t\t\t<div class=\"elementor-widget-wrap\">\n\t\t\t\t\t\t\t<\/div>\n\t\t<\/div>\n\t\t\t\t\t<\/div>\n\t\t<\/section>\n\t\t\t\t<section class=\"elementor-section elementor-top-section elementor-element elementor-element-d0ab177 elementor-section-boxed elementor-section-height-default elementor-section-height-default\" data-id=\"d0ab177\" data-element_type=\"section\" data-e-type=\"section\">\n\t\t\t\t\t\t<div class=\"elementor-container elementor-column-gap-default\">\n\t\t\t\t\t<div class=\"elementor-column elementor-col-100 elementor-top-column elementor-element elementor-element-ccfb0d3\" data-id=\"ccfb0d3\" data-element_type=\"column\" data-e-type=\"column\">\n\t\t\t<div class=\"elementor-widget-wrap elementor-element-populated\">\n\t\t\t\t\t\t<div class=\"elementor-element elementor-element-5f32877 elementor-widget elementor-widget-text-editor\" data-id=\"5f32877\" data-element_type=\"widget\" data-e-type=\"widget\" data-widget_type=\"text-editor.default\">\n\t\t\t\t<div class=\"elementor-widget-container\">\n\t\t\t\t\t\t\t\t\t<p>Traject\u00f2ria en fotografia art\u00edstica contempor\u00e0nia amb exposicions individuals i col\u00b7lectives, projectes visuals d\u2019autor i participaci\u00f3 en espais culturals i expositius.<\/p>\t\t\t\t\t\t\t\t<\/div>\n\t\t\t\t<\/div>\n\t\t\t\t\t<\/div>\n\t\t<\/div>\n\t\t\t\t\t<\/div>\n\t\t<\/section>\n\t\t\t\t<\/div>\n\t\t","protected":false},"excerpt":{"rendered":"<p>Exposicions i m\u00e9s 2007\u2003Exposici\u00f3 col\u00b7lectiva Mirades \u00b7 Centre C\u00edvic Can Fatj\u00f3 (Rub\u00ed) 2009\u2003Exposici\u00f3 col\u00b7lectiva Mirades \u00b7 Casal de Barri Espai 210 (Barcelona) 2010\u2003Exposici\u00f3 individual Des d\u2019uns ulls de dona \u00b7 UEC d\u2019Horta (Barcelona) 2011\u2003Exposici\u00f3 individual Des d\u2019uns ulls de dona \u00b7\u00a0 Casal de Barri Espai 210 (Barcelona) 2017\u2003Portada del llibre de poesia El azul y &#8230; <a title=\"Exposicions i m\u00e9s\" class=\"read-more\" href=\"https:\/\/desdunsullsdedona.cat\/index.php\/exposicions\/\" aria-label=\"M\u00e9s informaci\u00f3 sobre Exposicions i m\u00e9s\">Llegiu m\u00e9s<\/a><\/p>\n","protected":false},"author":1,"featured_media":0,"parent":0,"menu_order":0,"comment_status":"closed","ping_status":"closed","template":"","meta":{"footnotes":""},"class_list":["post-2868","page","type-page","status-publish"],"yoast_head":"<!-- This site is optimized with the Yoast SEO plugin v27.4 - https:\/\/yoast.com\/product\/yoast-seo-wordpress\/ -->\n<title>Exposicions i m\u00e9s - Carme Gotsens<\/title>\n<meta name=\"robots\" content=\"index, follow, max-snippet:-1, max-image-preview:large, max-video-preview:-1\" \/>\n<link rel=\"canonical\" href=\"https:\/\/desdunsullsdedona.cat\/index.php\/exposicions\/\" \/>\n<meta property=\"og:locale\" content=\"ca_ES\" \/>\n<meta property=\"og:type\" content=\"article\" \/>\n<meta property=\"og:title\" content=\"Exposicions i m\u00e9s - Carme Gotsens\" \/>\n<meta property=\"og:description\" content=\"Exposicions i m\u00e9s 2007\u2003Exposici\u00f3 col\u00b7lectiva Mirades \u00b7 Centre C\u00edvic Can Fatj\u00f3 (Rub\u00ed) 2009\u2003Exposici\u00f3 col\u00b7lectiva Mirades \u00b7 Casal de Barri Espai 210 (Barcelona) 2010\u2003Exposici\u00f3 individual Des d\u2019uns ulls de dona \u00b7 UEC d\u2019Horta (Barcelona) 2011\u2003Exposici\u00f3 individual Des d\u2019uns ulls de dona \u00b7\u00a0 Casal de Barri Espai 210 (Barcelona) 2017\u2003Portada del llibre de poesia El azul y ... Llegiu m\u00e9s\" \/>\n<meta property=\"og:url\" content=\"https:\/\/desdunsullsdedona.cat\/index.php\/exposicions\/\" \/>\n<meta property=\"og:site_name\" content=\"Carme Gotsens\" \/>\n<meta property=\"article:modified_time\" content=\"2026-04-11T16:18:32+00:00\" \/>\n<meta name=\"twitter:card\" content=\"summary_large_image\" \/>\n<meta name=\"twitter:label1\" content=\"Temps estimat de lectura\" \/>\n\t<meta name=\"twitter:data1\" content=\"2 minuts\" \/>\n<script type=\"application\/ld+json\" class=\"yoast-schema-graph\">{\"@context\":\"https:\\\/\\\/schema.org\",\"@graph\":[{\"@type\":\"WebPage\",\"@id\":\"https:\\\/\\\/desdunsullsdedona.cat\\\/index.php\\\/exposicions\\\/\",\"url\":\"https:\\\/\\\/desdunsullsdedona.cat\\\/index.php\\\/exposicions\\\/\",\"name\":\"Exposicions i m\u00e9s - Carme Gotsens\",\"isPartOf\":{\"@id\":\"https:\\\/\\\/desdunsullsdedona.cat\\\/#website\"},\"datePublished\":\"2025-01-22T17:54:52+00:00\",\"dateModified\":\"2026-04-11T16:18:32+00:00\",\"breadcrumb\":{\"@id\":\"https:\\\/\\\/desdunsullsdedona.cat\\\/index.php\\\/exposicions\\\/#breadcrumb\"},\"inLanguage\":\"ca\",\"potentialAction\":[{\"@type\":\"ReadAction\",\"target\":[\"https:\\\/\\\/desdunsullsdedona.cat\\\/index.php\\\/exposicions\\\/\"]}]},{\"@type\":\"BreadcrumbList\",\"@id\":\"https:\\\/\\\/desdunsullsdedona.cat\\\/index.php\\\/exposicions\\\/#breadcrumb\",\"itemListElement\":[{\"@type\":\"ListItem\",\"position\":1,\"name\":\"Inici\",\"item\":\"https:\\\/\\\/desdunsullsdedona.cat\\\/\"},{\"@type\":\"ListItem\",\"position\":2,\"name\":\"Exposicions i m\u00e9s\"}]},{\"@type\":\"WebSite\",\"@id\":\"https:\\\/\\\/desdunsullsdedona.cat\\\/#website\",\"url\":\"https:\\\/\\\/desdunsullsdedona.cat\\\/\",\"name\":\"Des d'uns ulls de dona\",\"description\":\"Fotografia\",\"publisher\":{\"@id\":\"https:\\\/\\\/desdunsullsdedona.cat\\\/#\\\/schema\\\/person\\\/196a83ba901a7db86e6a281e2bd6a27c\"},\"potentialAction\":[{\"@type\":\"SearchAction\",\"target\":{\"@type\":\"EntryPoint\",\"urlTemplate\":\"https:\\\/\\\/desdunsullsdedona.cat\\\/?s={search_term_string}\"},\"query-input\":{\"@type\":\"PropertyValueSpecification\",\"valueRequired\":true,\"valueName\":\"search_term_string\"}}],\"inLanguage\":\"ca\"},{\"@type\":[\"Person\",\"Organization\"],\"@id\":\"https:\\\/\\\/desdunsullsdedona.cat\\\/#\\\/schema\\\/person\\\/196a83ba901a7db86e6a281e2bd6a27c\",\"name\":\"Carme Gotsens Vila\",\"image\":{\"@type\":\"ImageObject\",\"inLanguage\":\"ca\",\"@id\":\"https:\\\/\\\/desdunsullsdedona.cat\\\/wp-content\\\/uploads\\\/2025\\\/01\\\/cropped-sa.webp\",\"url\":\"https:\\\/\\\/desdunsullsdedona.cat\\\/wp-content\\\/uploads\\\/2025\\\/01\\\/cropped-sa.webp\",\"contentUrl\":\"https:\\\/\\\/desdunsullsdedona.cat\\\/wp-content\\\/uploads\\\/2025\\\/01\\\/cropped-sa.webp\",\"width\":500,\"height\":119,\"caption\":\"Carme Gotsens Vila\"},\"logo\":{\"@id\":\"https:\\\/\\\/desdunsullsdedona.cat\\\/wp-content\\\/uploads\\\/2025\\\/01\\\/cropped-sa.webp\"},\"sameAs\":[\"https:\\\/\\\/desdunsullsdedona.cat\"]}]}<\/script>\n<!-- \/ Yoast SEO plugin. -->","yoast_head_json":{"title":"Exposicions i m\u00e9s - Carme Gotsens","robots":{"index":"index","follow":"follow","max-snippet":"max-snippet:-1","max-image-preview":"max-image-preview:large","max-video-preview":"max-video-preview:-1"},"canonical":"https:\/\/desdunsullsdedona.cat\/index.php\/exposicions\/","og_locale":"ca_ES","og_type":"article","og_title":"Exposicions i m\u00e9s - Carme Gotsens","og_description":"Exposicions i m\u00e9s 2007\u2003Exposici\u00f3 col\u00b7lectiva Mirades \u00b7 Centre C\u00edvic Can Fatj\u00f3 (Rub\u00ed) 2009\u2003Exposici\u00f3 col\u00b7lectiva Mirades \u00b7 Casal de Barri Espai 210 (Barcelona) 2010\u2003Exposici\u00f3 individual Des d\u2019uns ulls de dona \u00b7 UEC d\u2019Horta (Barcelona) 2011\u2003Exposici\u00f3 individual Des d\u2019uns ulls de dona \u00b7\u00a0 Casal de Barri Espai 210 (Barcelona) 2017\u2003Portada del llibre de poesia El azul y ... Llegiu m\u00e9s","og_url":"https:\/\/desdunsullsdedona.cat\/index.php\/exposicions\/","og_site_name":"Carme Gotsens","article_modified_time":"2026-04-11T16:18:32+00:00","twitter_card":"summary_large_image","twitter_misc":{"Temps estimat de lectura":"2 minuts"},"schema":{"@context":"https:\/\/schema.org","@graph":[{"@type":"WebPage","@id":"https:\/\/desdunsullsdedona.cat\/index.php\/exposicions\/","url":"https:\/\/desdunsullsdedona.cat\/index.php\/exposicions\/","name":"Exposicions i m\u00e9s - Carme Gotsens","isPartOf":{"@id":"https:\/\/desdunsullsdedona.cat\/#website"},"datePublished":"2025-01-22T17:54:52+00:00","dateModified":"2026-04-11T16:18:32+00:00","breadcrumb":{"@id":"https:\/\/desdunsullsdedona.cat\/index.php\/exposicions\/#breadcrumb"},"inLanguage":"ca","potentialAction":[{"@type":"ReadAction","target":["https:\/\/desdunsullsdedona.cat\/index.php\/exposicions\/"]}]},{"@type":"BreadcrumbList","@id":"https:\/\/desdunsullsdedona.cat\/index.php\/exposicions\/#breadcrumb","itemListElement":[{"@type":"ListItem","position":1,"name":"Inici","item":"https:\/\/desdunsullsdedona.cat\/"},{"@type":"ListItem","position":2,"name":"Exposicions i m\u00e9s"}]},{"@type":"WebSite","@id":"https:\/\/desdunsullsdedona.cat\/#website","url":"https:\/\/desdunsullsdedona.cat\/","name":"Des d'uns ulls de dona","description":"Fotografia","publisher":{"@id":"https:\/\/desdunsullsdedona.cat\/#\/schema\/person\/196a83ba901a7db86e6a281e2bd6a27c"},"potentialAction":[{"@type":"SearchAction","target":{"@type":"EntryPoint","urlTemplate":"https:\/\/desdunsullsdedona.cat\/?s={search_term_string}"},"query-input":{"@type":"PropertyValueSpecification","valueRequired":true,"valueName":"search_term_string"}}],"inLanguage":"ca"},{"@type":["Person","Organization"],"@id":"https:\/\/desdunsullsdedona.cat\/#\/schema\/person\/196a83ba901a7db86e6a281e2bd6a27c","name":"Carme Gotsens Vila","image":{"@type":"ImageObject","inLanguage":"ca","@id":"https:\/\/desdunsullsdedona.cat\/wp-content\/uploads\/2025\/01\/cropped-sa.webp","url":"https:\/\/desdunsullsdedona.cat\/wp-content\/uploads\/2025\/01\/cropped-sa.webp","contentUrl":"https:\/\/desdunsullsdedona.cat\/wp-content\/uploads\/2025\/01\/cropped-sa.webp","width":500,"height":119,"caption":"Carme Gotsens Vila"},"logo":{"@id":"https:\/\/desdunsullsdedona.cat\/wp-content\/uploads\/2025\/01\/cropped-sa.webp"},"sameAs":["https:\/\/desdunsullsdedona.cat"]}]}},"_links":{"self":[{"href":"https:\/\/desdunsullsdedona.cat\/index.php\/wp-json\/wp\/v2\/pages\/2868","targetHints":{"allow":["GET"]}}],"collection":[{"href":"https:\/\/desdunsullsdedona.cat\/index.php\/wp-json\/wp\/v2\/pages"}],"about":[{"href":"https:\/\/desdunsullsdedona.cat\/index.php\/wp-json\/wp\/v2\/types\/page"}],"author":[{"embeddable":true,"href":"https:\/\/desdunsullsdedona.cat\/index.php\/wp-json\/wp\/v2\/users\/1"}],"replies":[{"embeddable":true,"href":"https:\/\/desdunsullsdedona.cat\/index.php\/wp-json\/wp\/v2\/comments?post=2868"}],"version-history":[{"count":72,"href":"https:\/\/desdunsullsdedona.cat\/index.php\/wp-json\/wp\/v2\/pages\/2868\/revisions"}],"predecessor-version":[{"id":3838,"href":"https:\/\/desdunsullsdedona.cat\/index.php\/wp-json\/wp\/v2\/pages\/2868\/revisions\/3838"}],"wp:attachment":[{"href":"https:\/\/desdunsullsdedona.cat\/index.php\/wp-json\/wp\/v2\/media?parent=2868"}],"curies":[{"name":"wp","href":"https:\/\/api.w.org\/{rel}","templated":true}]}}