{"id":476,"date":"2020-04-20T11:30:49","date_gmt":"2020-04-20T11:30:49","guid":{"rendered":"http:\/\/desdunsullsdedona.cat\/?page_id=476"},"modified":"2026-01-13T11:13:42","modified_gmt":"2026-01-13T11:13:42","slug":"inici","status":"publish","type":"page","link":"https:\/\/desdunsullsdedona.cat\/","title":{"rendered":"Inici"},"content":{"rendered":"\t\t<div data-elementor-type=\"wp-page\" data-elementor-id=\"476\" class=\"elementor elementor-476\" data-elementor-post-type=\"page\">\n\t\t\t\t\t\t<section class=\"elementor-section elementor-top-section elementor-element elementor-element-62f85baa elementor-section-boxed elementor-section-height-default elementor-section-height-default\" data-id=\"62f85baa\" data-element_type=\"section\" data-e-type=\"section\">\n\t\t\t\t\t\t<div class=\"elementor-container elementor-column-gap-default\">\n\t\t\t\t\t<div class=\"elementor-column elementor-col-100 elementor-top-column elementor-element elementor-element-47d59741\" data-id=\"47d59741\" data-element_type=\"column\" data-e-type=\"column\">\n\t\t\t<div class=\"elementor-widget-wrap elementor-element-populated\">\n\t\t\t\t\t\t<div class=\"elementor-element elementor-element-5d9d06ec elementor-widget elementor-widget-text-editor\" data-id=\"5d9d06ec\" data-element_type=\"widget\" data-e-type=\"widget\" data-widget_type=\"text-editor.default\">\n\t\t\t\t<div class=\"elementor-widget-container\">\n\t\t\t\t\t\t\t\t\t<div class=\"wp-block-group\">\n<p><\/p>\n<p>\u00a0<\/p>\n<p><\/p>\n<p><\/p>\n<p><img decoding=\"async\" class=\"aligncenter\" src=\"https:\/\/desdunsullsdedona.cat\/wp-content\/uploads\/2025\/01\/FotograFIA-e1736621349364.webp\" alt=\"\" width=\"287\" height=\"63\" \/><\/p>\n<p>\u00a0<\/p>\n<p><\/p>\n<\/div>\n<p><!-- \/wp:group --><\/p>\t\t\t\t\t\t\t\t<\/div>\n\t\t\t\t<\/div>\n\t\t\t\t\t<\/div>\n\t\t<\/div>\n\t\t\t\t\t<\/div>\n\t\t<\/section>\n\t\t\t\t<section class=\"elementor-section elementor-top-section elementor-element elementor-element-46d4ef5 elementor-section-boxed elementor-section-height-default elementor-section-height-default\" data-id=\"46d4ef5\" data-element_type=\"section\" data-e-type=\"section\">\n\t\t\t\t\t\t<div class=\"elementor-container elementor-column-gap-default\">\n\t\t\t\t\t<div class=\"elementor-column elementor-col-100 elementor-top-column elementor-element elementor-element-d8f934f\" data-id=\"d8f934f\" data-element_type=\"column\" data-e-type=\"column\">\n\t\t\t<div class=\"elementor-widget-wrap elementor-element-populated\">\n\t\t\t\t\t\t<div class=\"elementor-element elementor-element-a7eee01 elementor-widget elementor-widget-image\" data-id=\"a7eee01\" data-element_type=\"widget\" data-e-type=\"widget\" data-widget_type=\"image.default\">\n\t\t\t\t<div class=\"elementor-widget-container\">\n\t\t\t\t\t\t\t\t\t\t\t\t\t\t\t<img fetchpriority=\"high\" decoding=\"async\" width=\"1024\" height=\"683\" src=\"https:\/\/desdunsullsdedona.cat\/wp-content\/uploads\/2025\/01\/Gotsens_Carme_02-1024x683.jpg\" class=\"attachment-large size-large wp-image-2886\" alt=\"Flors vermelles submergides en un l\u00edquid blanc, amb una composici\u00f3 d&#039;esr\u00e8tica oriental.\" srcset=\"https:\/\/desdunsullsdedona.cat\/wp-content\/uploads\/2025\/01\/Gotsens_Carme_02-1024x683.jpg 1024w, https:\/\/desdunsullsdedona.cat\/wp-content\/uploads\/2025\/01\/Gotsens_Carme_02-300x200.jpg 300w, https:\/\/desdunsullsdedona.cat\/wp-content\/uploads\/2025\/01\/Gotsens_Carme_02-768x512.jpg 768w, https:\/\/desdunsullsdedona.cat\/wp-content\/uploads\/2025\/01\/Gotsens_Carme_02-e1744972192116.jpg 1050w\" sizes=\"(max-width: 1024px) 100vw, 1024px\" \/>\t\t\t\t\t\t\t\t\t\t\t\t\t\t\t<\/div>\n\t\t\t\t<\/div>\n\t\t\t\t<div class=\"elementor-element elementor-element-c3057a4 elementor-widget__width-initial elementor-widget elementor-widget-text-editor\" data-id=\"c3057a4\" data-element_type=\"widget\" data-e-type=\"widget\" data-widget_type=\"text-editor.default\">\n\t\t\t\t<div class=\"elementor-widget-container\">\n\t\t\t\t\t\t\t\t\t<p>&#8220;La llum \u00e9s el meu llenguatge, el silenci la meva inspiraci\u00f3&#8221;<\/p>\t\t\t\t\t\t\t\t<\/div>\n\t\t\t\t<\/div>\n\t\t\t\t<div class=\"elementor-element elementor-element-2d689dc elementor-widget-mobile__width-initial elementor-widget elementor-widget-text-editor\" data-id=\"2d689dc\" data-element_type=\"widget\" data-e-type=\"widget\" data-widget_type=\"text-editor.default\">\n\t\t\t\t<div class=\"elementor-widget-container\">\n\t\t\t\t\t\t\t\t\t<p>Des d&#8217;uns ulls de dona \u00e9s una proposta de fotograf\u00eda art\u00edstica, po\u00e8tica, \u00edntima i delicada. Cada imatge \u00e9s una invitaci\u00f3 a aturar-se, a mirar amb calma i a sentir el silenci que habita la llum. La meva obra s&#8217;inspira en\u00a0 la natura, la pintura i l&#8217;emoci\u00f3 continguda<\/p>\n<p>Amb una mirada sensible i personal, exploro la bellesa ef\u00edmera, la fragilitat, el pas del temps i l&#8217;espai entre el que es percep i el que se sent.<\/p>\n<p>Et convio a endinsar-te en el meu univers visual\u00a0 a trav\u00e9s de les s\u00e8ries fotogr\u00e0fiques que configuren aquesta web.<\/p>\t\t\t\t\t\t\t\t<\/div>\n\t\t\t\t<\/div>\n\t\t\t\t\t<\/div>\n\t\t<\/div>\n\t\t\t\t\t<\/div>\n\t\t<\/section>\n\t\t\t\t<\/div>\n\t\t","protected":false},"excerpt":{"rendered":"<p>\u00a0 \u00a0 &#8220;La llum \u00e9s el meu llenguatge, el silenci la meva inspiraci\u00f3&#8221; Des d&#8217;uns ulls de dona \u00e9s una proposta de fotograf\u00eda art\u00edstica, po\u00e8tica, \u00edntima i delicada. Cada imatge \u00e9s una invitaci\u00f3 a aturar-se, a mirar amb calma i a sentir el silenci que habita la llum. La meva obra s&#8217;inspira en\u00a0 la natura, &#8230; <a title=\"Inici\" class=\"read-more\" href=\"https:\/\/desdunsullsdedona.cat\/\" aria-label=\"M\u00e9s informaci\u00f3 sobre Inici\">Llegiu m\u00e9s<\/a><\/p>\n","protected":false},"author":1,"featured_media":0,"parent":0,"menu_order":0,"comment_status":"closed","ping_status":"closed","template":"","meta":{"footnotes":""},"class_list":["post-476","page","type-page","status-publish"],"yoast_head":"<!-- This site is optimized with the Yoast SEO plugin v27.5 - https:\/\/yoast.com\/product\/yoast-seo-wordpress\/ -->\n<title>- Carme Gotsens Des d&#039;uns ulls de dona - Fotograf\u00eda art\u00edstica i po\u00e8tica -<\/title>\n<meta name=\"description\" content=\"Obra fotogr\u00e0fica d&#039;autora des d&#039;una mirada femenina. Imatges po\u00e8tiques, delicades i silenioses inspirades en la natura i la llum.\" \/>\n<meta name=\"robots\" content=\"index, follow, max-snippet:-1, max-image-preview:large, max-video-preview:-1\" \/>\n<link rel=\"canonical\" href=\"https:\/\/desdunsullsdedona.cat\/\" \/>\n<meta property=\"og:locale\" content=\"ca_ES\" \/>\n<meta property=\"og:type\" content=\"article\" \/>\n<meta property=\"og:title\" content=\"- Carme Gotsens Des d&#039;uns ulls de dona - Fotograf\u00eda art\u00edstica i po\u00e8tica -\" \/>\n<meta property=\"og:description\" content=\"Obra fotogr\u00e0fica d&#039;autora des d&#039;una mirada femenina. Imatges po\u00e8tiques, delicades i silenioses inspirades en la natura i la llum.\" \/>\n<meta property=\"og:url\" content=\"https:\/\/desdunsullsdedona.cat\/\" \/>\n<meta property=\"og:site_name\" content=\"Carme Gotsens\" \/>\n<meta property=\"article:modified_time\" content=\"2026-01-13T11:13:42+00:00\" \/>\n<meta property=\"og:image\" content=\"https:\/\/desdunsullsdedona.cat\/wp-content\/uploads\/2025\/01\/FotograFIA-e1736621349364.webp\" \/>\n<meta name=\"twitter:card\" content=\"summary_large_image\" \/>\n<meta name=\"twitter:label1\" content=\"Temps estimat de lectura\" \/>\n\t<meta name=\"twitter:data1\" content=\"1 minut\" \/>\n<script type=\"application\/ld+json\" class=\"yoast-schema-graph\">{\"@context\":\"https:\\\/\\\/schema.org\",\"@graph\":[{\"@type\":\"WebPage\",\"@id\":\"https:\\\/\\\/desdunsullsdedona.cat\\\/\",\"url\":\"https:\\\/\\\/desdunsullsdedona.cat\\\/\",\"name\":\"- Carme Gotsens Des d'uns ulls de dona - Fotograf\u00eda art\u00edstica i po\u00e8tica -\",\"isPartOf\":{\"@id\":\"https:\\\/\\\/desdunsullsdedona.cat\\\/#website\"},\"primaryImageOfPage\":{\"@id\":\"https:\\\/\\\/desdunsullsdedona.cat\\\/#primaryimage\"},\"image\":{\"@id\":\"https:\\\/\\\/desdunsullsdedona.cat\\\/#primaryimage\"},\"thumbnailUrl\":\"https:\\\/\\\/desdunsullsdedona.cat\\\/wp-content\\\/uploads\\\/2025\\\/01\\\/FotograFIA-e1736621349364.webp\",\"datePublished\":\"2020-04-20T11:30:49+00:00\",\"dateModified\":\"2026-01-13T11:13:42+00:00\",\"description\":\"Obra fotogr\u00e0fica d'autora des d'una mirada femenina. Imatges po\u00e8tiques, delicades i silenioses inspirades en la natura i la llum.\",\"breadcrumb\":{\"@id\":\"https:\\\/\\\/desdunsullsdedona.cat\\\/#breadcrumb\"},\"inLanguage\":\"ca\",\"potentialAction\":[{\"@type\":\"ReadAction\",\"target\":[\"https:\\\/\\\/desdunsullsdedona.cat\\\/\"]}]},{\"@type\":\"ImageObject\",\"inLanguage\":\"ca\",\"@id\":\"https:\\\/\\\/desdunsullsdedona.cat\\\/#primaryimage\",\"url\":\"https:\\\/\\\/desdunsullsdedona.cat\\\/wp-content\\\/uploads\\\/2025\\\/01\\\/FotograFIA-e1736621349364.webp\",\"contentUrl\":\"https:\\\/\\\/desdunsullsdedona.cat\\\/wp-content\\\/uploads\\\/2025\\\/01\\\/FotograFIA-e1736621349364.webp\",\"width\":287,\"height\":63},{\"@type\":\"BreadcrumbList\",\"@id\":\"https:\\\/\\\/desdunsullsdedona.cat\\\/#breadcrumb\",\"itemListElement\":[{\"@type\":\"ListItem\",\"position\":1,\"name\":\"Inici\",\"item\":\"https:\\\/\\\/desdunsullsdedona.cat\\\/\"},{\"@type\":\"ListItem\",\"position\":2,\"name\":\"Inici\"}]},{\"@type\":\"WebSite\",\"@id\":\"https:\\\/\\\/desdunsullsdedona.cat\\\/#website\",\"url\":\"https:\\\/\\\/desdunsullsdedona.cat\\\/\",\"name\":\"Des d'uns ulls de dona\",\"description\":\"Fotografia\",\"publisher\":{\"@id\":\"https:\\\/\\\/desdunsullsdedona.cat\\\/#\\\/schema\\\/person\\\/196a83ba901a7db86e6a281e2bd6a27c\"},\"potentialAction\":[{\"@type\":\"SearchAction\",\"target\":{\"@type\":\"EntryPoint\",\"urlTemplate\":\"https:\\\/\\\/desdunsullsdedona.cat\\\/?s={search_term_string}\"},\"query-input\":{\"@type\":\"PropertyValueSpecification\",\"valueRequired\":true,\"valueName\":\"search_term_string\"}}],\"inLanguage\":\"ca\"},{\"@type\":[\"Person\",\"Organization\"],\"@id\":\"https:\\\/\\\/desdunsullsdedona.cat\\\/#\\\/schema\\\/person\\\/196a83ba901a7db86e6a281e2bd6a27c\",\"name\":\"Carme Gotsens Vila\",\"image\":{\"@type\":\"ImageObject\",\"inLanguage\":\"ca\",\"@id\":\"https:\\\/\\\/desdunsullsdedona.cat\\\/wp-content\\\/uploads\\\/2025\\\/01\\\/cropped-sa.webp\",\"url\":\"https:\\\/\\\/desdunsullsdedona.cat\\\/wp-content\\\/uploads\\\/2025\\\/01\\\/cropped-sa.webp\",\"contentUrl\":\"https:\\\/\\\/desdunsullsdedona.cat\\\/wp-content\\\/uploads\\\/2025\\\/01\\\/cropped-sa.webp\",\"width\":500,\"height\":119,\"caption\":\"Carme Gotsens Vila\"},\"logo\":{\"@id\":\"https:\\\/\\\/desdunsullsdedona.cat\\\/wp-content\\\/uploads\\\/2025\\\/01\\\/cropped-sa.webp\"},\"sameAs\":[\"https:\\\/\\\/desdunsullsdedona.cat\"]}]}<\/script>\n<!-- \/ Yoast SEO plugin. -->","yoast_head_json":{"title":"- Carme Gotsens Des d'uns ulls de dona - Fotograf\u00eda art\u00edstica i po\u00e8tica -","description":"Obra fotogr\u00e0fica d'autora des d'una mirada femenina. Imatges po\u00e8tiques, delicades i silenioses inspirades en la natura i la llum.","robots":{"index":"index","follow":"follow","max-snippet":"max-snippet:-1","max-image-preview":"max-image-preview:large","max-video-preview":"max-video-preview:-1"},"canonical":"https:\/\/desdunsullsdedona.cat\/","og_locale":"ca_ES","og_type":"article","og_title":"- Carme Gotsens Des d'uns ulls de dona - Fotograf\u00eda art\u00edstica i po\u00e8tica -","og_description":"Obra fotogr\u00e0fica d'autora des d'una mirada femenina. Imatges po\u00e8tiques, delicades i silenioses inspirades en la natura i la llum.","og_url":"https:\/\/desdunsullsdedona.cat\/","og_site_name":"Carme Gotsens","article_modified_time":"2026-01-13T11:13:42+00:00","og_image":[{"url":"https:\/\/desdunsullsdedona.cat\/wp-content\/uploads\/2025\/01\/FotograFIA-e1736621349364.webp","type":"","width":"","height":""}],"twitter_card":"summary_large_image","twitter_misc":{"Temps estimat de lectura":"1 minut"},"schema":{"@context":"https:\/\/schema.org","@graph":[{"@type":"WebPage","@id":"https:\/\/desdunsullsdedona.cat\/","url":"https:\/\/desdunsullsdedona.cat\/","name":"- Carme Gotsens Des d'uns ulls de dona - Fotograf\u00eda art\u00edstica i po\u00e8tica -","isPartOf":{"@id":"https:\/\/desdunsullsdedona.cat\/#website"},"primaryImageOfPage":{"@id":"https:\/\/desdunsullsdedona.cat\/#primaryimage"},"image":{"@id":"https:\/\/desdunsullsdedona.cat\/#primaryimage"},"thumbnailUrl":"https:\/\/desdunsullsdedona.cat\/wp-content\/uploads\/2025\/01\/FotograFIA-e1736621349364.webp","datePublished":"2020-04-20T11:30:49+00:00","dateModified":"2026-01-13T11:13:42+00:00","description":"Obra fotogr\u00e0fica d'autora des d'una mirada femenina. Imatges po\u00e8tiques, delicades i silenioses inspirades en la natura i la llum.","breadcrumb":{"@id":"https:\/\/desdunsullsdedona.cat\/#breadcrumb"},"inLanguage":"ca","potentialAction":[{"@type":"ReadAction","target":["https:\/\/desdunsullsdedona.cat\/"]}]},{"@type":"ImageObject","inLanguage":"ca","@id":"https:\/\/desdunsullsdedona.cat\/#primaryimage","url":"https:\/\/desdunsullsdedona.cat\/wp-content\/uploads\/2025\/01\/FotograFIA-e1736621349364.webp","contentUrl":"https:\/\/desdunsullsdedona.cat\/wp-content\/uploads\/2025\/01\/FotograFIA-e1736621349364.webp","width":287,"height":63},{"@type":"BreadcrumbList","@id":"https:\/\/desdunsullsdedona.cat\/#breadcrumb","itemListElement":[{"@type":"ListItem","position":1,"name":"Inici","item":"https:\/\/desdunsullsdedona.cat\/"},{"@type":"ListItem","position":2,"name":"Inici"}]},{"@type":"WebSite","@id":"https:\/\/desdunsullsdedona.cat\/#website","url":"https:\/\/desdunsullsdedona.cat\/","name":"Des d'uns ulls de dona","description":"Fotografia","publisher":{"@id":"https:\/\/desdunsullsdedona.cat\/#\/schema\/person\/196a83ba901a7db86e6a281e2bd6a27c"},"potentialAction":[{"@type":"SearchAction","target":{"@type":"EntryPoint","urlTemplate":"https:\/\/desdunsullsdedona.cat\/?s={search_term_string}"},"query-input":{"@type":"PropertyValueSpecification","valueRequired":true,"valueName":"search_term_string"}}],"inLanguage":"ca"},{"@type":["Person","Organization"],"@id":"https:\/\/desdunsullsdedona.cat\/#\/schema\/person\/196a83ba901a7db86e6a281e2bd6a27c","name":"Carme Gotsens Vila","image":{"@type":"ImageObject","inLanguage":"ca","@id":"https:\/\/desdunsullsdedona.cat\/wp-content\/uploads\/2025\/01\/cropped-sa.webp","url":"https:\/\/desdunsullsdedona.cat\/wp-content\/uploads\/2025\/01\/cropped-sa.webp","contentUrl":"https:\/\/desdunsullsdedona.cat\/wp-content\/uploads\/2025\/01\/cropped-sa.webp","width":500,"height":119,"caption":"Carme Gotsens Vila"},"logo":{"@id":"https:\/\/desdunsullsdedona.cat\/wp-content\/uploads\/2025\/01\/cropped-sa.webp"},"sameAs":["https:\/\/desdunsullsdedona.cat"]}]}},"_links":{"self":[{"href":"https:\/\/desdunsullsdedona.cat\/index.php\/wp-json\/wp\/v2\/pages\/476","targetHints":{"allow":["GET"]}}],"collection":[{"href":"https:\/\/desdunsullsdedona.cat\/index.php\/wp-json\/wp\/v2\/pages"}],"about":[{"href":"https:\/\/desdunsullsdedona.cat\/index.php\/wp-json\/wp\/v2\/types\/page"}],"author":[{"embeddable":true,"href":"https:\/\/desdunsullsdedona.cat\/index.php\/wp-json\/wp\/v2\/users\/1"}],"replies":[{"embeddable":true,"href":"https:\/\/desdunsullsdedona.cat\/index.php\/wp-json\/wp\/v2\/comments?post=476"}],"version-history":[{"count":6,"href":"https:\/\/desdunsullsdedona.cat\/index.php\/wp-json\/wp\/v2\/pages\/476\/revisions"}],"predecessor-version":[{"id":3747,"href":"https:\/\/desdunsullsdedona.cat\/index.php\/wp-json\/wp\/v2\/pages\/476\/revisions\/3747"}],"wp:attachment":[{"href":"https:\/\/desdunsullsdedona.cat\/index.php\/wp-json\/wp\/v2\/media?parent=476"}],"curies":[{"name":"wp","href":"https:\/\/api.w.org\/{rel}","templated":true}]}}